{"id":9151,"date":"2023-02-01T00:48:22","date_gmt":"2023-02-01T00:48:22","guid":{"rendered":"http:\/\/grandelashchile.srtv.cl\/?post_type=product&#038;p=9151"},"modified":"2024-09-03T20:33:10","modified_gmt":"2024-09-03T20:33:10","slug":"sunbaked-sedona","status":"publish","type":"product","link":"https:\/\/ladylash.cl\/index.php\/producto\/sunbaked-sedona\/","title":{"rendered":"SUNBAKED SEDONA"},"content":{"rendered":"<p>\u00bf QUIERES UNOS LABIOS VOLUMINOSOS EN FORMA NATURAL?<\/p>\n<p>&#8221; GRANDE LIPS &#8221;<\/p>\n<p>Causa un efecto instant\u00e1neo de grosor en tus labios ( 3 a 5 minutos ) Lo cual genera aparici\u00f3n de m\u00e1s rellenos y en forma natural.<\/p>\n<p>Su permanente uso hace que a los 30 d\u00edas sus labios se vean a\u00fan m\u00e1s joven. \u00a1 Resultados incre\u00edbles !<\/p>\n<p>BENEFIOS: 51% Impulso de hidrataci\u00f3n, 15% Aumento de volumen, 13% ganancia de firmeza y 11% aumento de suavidad.<\/p>\n<p>\u00bfY tu con cual color te quedas ?<\/p>\n<p>CONTENIDO : 2,4 G ( 1 MES )<\/p>\n<p>RECOMENDACIONES: Usarlo 2 veces al d\u00eda, siempre sobre los labios limpios, ojal\u00e1 una vez despu\u00e9s al almuerzo y otra vez a la noche, as\u00ed trabaja bien el producto.<\/p>\n","protected":false},"excerpt":{"rendered":"<p>\u00bf QUIERES UNOS LABIOS VOLUMINOSOS EN FORMA NATURAL? &#8221; GRANDE LIPS &#8221; Causa un efecto instant\u00e1neo de grosor en tus labios ( 3 a 5 minutos ) Lo cual genera aparici\u00f3n de m\u00e1s rellenos y en forma natural. Su permanente uso hace que a los 30 d\u00edas sus labios se vean a\u00fan m\u00e1s joven. \u00a1&#8230;<\/p>\n","protected":false},"featured_media":9475,"template":"","meta":{"_mi_skip_tracking":false,"_monsterinsights_sitenote_active":false,"_monsterinsights_sitenote_note":"","_monsterinsights_sitenote_category":0},"product_cat":[96],"product_tag":[],"aioseo_notices":[],"_links":{"self":[{"href":"https:\/\/ladylash.cl\/index.php\/wp-json\/wp\/v3\/product\/9151"}],"collection":[{"href":"https:\/\/ladylash.cl\/index.php\/wp-json\/wp\/v3\/product"}],"about":[{"href":"https:\/\/ladylash.cl\/index.php\/wp-json\/wp\/v2\/types\/product"}],"wp:featuredmedia":[{"embeddable":true,"href":"https:\/\/ladylash.cl\/index.php\/wp-json\/wp\/v2\/media\/9475"}],"wp:attachment":[{"href":"https:\/\/ladylash.cl\/index.php\/wp-json\/wp\/v2\/media?parent=9151"}],"wp:term":[{"taxonomy":"product_cat","embeddable":true,"href":"https:\/\/ladylash.cl\/index.php\/wp-json\/wp\/v2\/product_cat?post=9151"},{"taxonomy":"product_tag","embeddable":true,"href":"https:\/\/ladylash.cl\/index.php\/wp-json\/wp\/v2\/product_tag?post=9151"}],"curies":[{"name":"wp","href":"https:\/\/api.w.org\/{rel}","templated":true}]}}